{"id":820,"date":"2021-02-15T13:39:14","date_gmt":"2021-02-15T13:39:14","guid":{"rendered":"https:\/\/panaderiadeartenara.com\/?page_id=820"},"modified":"2021-06-16T09:53:43","modified_gmt":"2021-06-16T09:53:43","slug":"nuestros-productos","status":"publish","type":"page","link":"https:\/\/panaderiadeartenara.com\/es\/nuestros-productos\/","title":{"rendered":"Nuestros Productos"},"content":{"rendered":"\t\t<div data-elementor-type=\"wp-page\" data-elementor-id=\"820\" class=\"elementor elementor-820\" data-elementor-settings=\"[]\">\n\t\t\t<div class=\"elementor-inner\">\n\t\t\t\t<div class=\"elementor-section-wrap\">\n\t\t\t\t\t\t\t<section class=\"elementor-element elementor-element-7f0d802 elementor-section-boxed elementor-section-height-default elementor-section-height-default elementor-section elementor-top-section\" data-id=\"7f0d802\" data-element_type=\"section\" data-settings=\"{&quot;background_background&quot;:&quot;classic&quot;}\">\n\t\t\t\t\t\t\t<div class=\"elementor-background-overlay\"><\/div>\n\t\t\t\t\t\t\t<div class=\"elementor-container elementor-column-gap-default\">\n\t\t\t\t<div class=\"elementor-row\">\n\t\t\t\t<div class=\"elementor-element elementor-element-de71a61 elementor-column elementor-col-100 elementor-top-column\" data-id=\"de71a61\" data-element_type=\"column\">\n\t\t\t<div class=\"elementor-column-wrap  elementor-element-populated\">\n\t\t\t\t\t<div class=\"elementor-widget-wrap\">\n\t\t\t\t<div class=\"elementor-element elementor-element-435afbc elementor-widget elementor-widget-heading\" data-id=\"435afbc\" data-element_type=\"widget\" data-widget_type=\"heading.default\">\n\t\t\t\t<div class=\"elementor-widget-container\">\n\t\t\t<h2 class=\"elementor-heading-title elementor-size-default\">NUESTROS PRODUCTOS<\/h2>\t\t<\/div>\n\t\t\t\t<\/div>\n\t\t\t\t<div class=\"elementor-element elementor-element-26e3777 elementor-widget elementor-widget-spacer\" data-id=\"26e3777\" data-element_type=\"widget\" data-widget_type=\"spacer.default\">\n\t\t\t\t<div class=\"elementor-widget-container\">\n\t\t\t\t\t<div class=\"elementor-spacer\">\n\t\t\t<div class=\"elementor-spacer-inner\"><\/div>\n\t\t<\/div>\n\t\t\t\t<\/div>\n\t\t\t\t<\/div>\n\t\t\t\t\t\t<\/div>\n\t\t\t<\/div>\n\t\t<\/div>\n\t\t\t\t\t\t<\/div>\n\t\t\t<\/div>\n\t\t<\/section>\n\t\t\t\t<section class=\"elementor-element elementor-element-a75374a elementor-section-boxed elementor-section-height-default elementor-section-height-default elementor-section elementor-top-section\" data-id=\"a75374a\" data-element_type=\"section\">\n\t\t\t\t\t\t<div class=\"elementor-container elementor-column-gap-default\">\n\t\t\t\t<div class=\"elementor-row\">\n\t\t\t\t<div class=\"elementor-element elementor-element-6e5744c elementor-column elementor-col-100 elementor-top-column\" data-id=\"6e5744c\" data-element_type=\"column\">\n\t\t\t<div class=\"elementor-column-wrap  elementor-element-populated\">\n\t\t\t\t\t<div class=\"elementor-widget-wrap\">\n\t\t\t\t<div class=\"elementor-element elementor-element-d4f61a3 jet-breadcrumbs-align-center elementor-widget elementor-widget-jet-breadcrumbs\" data-id=\"d4f61a3\" data-element_type=\"widget\" data-widget_type=\"jet-breadcrumbs.default\">\n\t\t\t\t<div class=\"elementor-widget-container\">\n\t\t\t<div class=\"elementor-jet-breadcrumbs jet-blocks\">\n\t\t<div class=\"jet-breadcrumbs\">\n\t\t<div class=\"jet-breadcrumbs__content\">\n\t\t<div class=\"jet-breadcrumbs__wrap\"><div class=\"jet-breadcrumbs__item\"><a href=\"https:\/\/panaderiadeartenara.com\/es\/\" class=\"jet-breadcrumbs__item-link is-home\" rel=\"home\" title=\"Inicio\">Inicio<\/a><\/div>\n\t\t<\/div>\n\t\t<\/div>\n\t\t<\/div><\/div>\t\t<\/div>\n\t\t\t\t<\/div>\n\t\t\t\t\t\t<\/div>\n\t\t\t<\/div>\n\t\t<\/div>\n\t\t\t\t\t\t<\/div>\n\t\t\t<\/div>\n\t\t<\/section>\n\t\t\t\t<section class=\"elementor-element elementor-element-1d62fd4 elementor-section-boxed elementor-section-height-default elementor-section-height-default elementor-section elementor-top-section\" data-id=\"1d62fd4\" data-element_type=\"section\">\n\t\t\t\t\t\t<div class=\"elementor-container elementor-column-gap-default\">\n\t\t\t\t<div class=\"elementor-row\">\n\t\t\t\t<div class=\"elementor-element elementor-element-ee53b22 elementor-column elementor-col-100 elementor-top-column\" data-id=\"ee53b22\" data-element_type=\"column\">\n\t\t\t<div class=\"elementor-column-wrap  elementor-element-populated\">\n\t\t\t\t\t<div class=\"elementor-widget-wrap\">\n\t\t\t\t<div class=\"elementor-element elementor-element-b3e5c37 elementor-widget elementor-widget-spacer\" data-id=\"b3e5c37\" data-element_type=\"widget\" data-widget_type=\"spacer.default\">\n\t\t\t\t<div class=\"elementor-widget-container\">\n\t\t\t\t\t<div class=\"elementor-spacer\">\n\t\t\t<div class=\"elementor-spacer-inner\"><\/div>\n\t\t<\/div>\n\t\t\t\t<\/div>\n\t\t\t\t<\/div>\n\t\t\t\t\t\t<\/div>\n\t\t\t<\/div>\n\t\t<\/div>\n\t\t\t\t\t\t<\/div>\n\t\t\t<\/div>\n\t\t<\/section>\n\t\t\t\t<section class=\"elementor-element elementor-element-34d58ad elementor-reverse-mobile elementor-section-boxed elementor-section-height-default elementor-section-height-default elementor-section elementor-top-section\" data-id=\"34d58ad\" data-element_type=\"section\">\n\t\t\t\t\t\t<div class=\"elementor-container elementor-column-gap-default\">\n\t\t\t\t<div class=\"elementor-row\">\n\t\t\t\t<div class=\"elementor-element elementor-element-385b683 elementor-column elementor-col-50 elementor-top-column\" data-id=\"385b683\" data-element_type=\"column\">\n\t\t\t<div class=\"elementor-column-wrap  elementor-element-populated\">\n\t\t\t\t\t<div class=\"elementor-widget-wrap\">\n\t\t\t\t<div class=\"elementor-element elementor-element-b9b70f4 elementor-invisible elementor-widget elementor-widget-image\" data-id=\"b9b70f4\" data-element_type=\"widget\" data-settings=\"{&quot;_animation&quot;:&quot;bounceInLeft&quot;}\" data-widget_type=\"image.default\">\n\t\t\t\t<div class=\"elementor-widget-container\">\n\t\t\t\t\t<div class=\"elementor-image\">\n\t\t\t\t\t\t\t\t\t\t<img width=\"570\" height=\"450\" src=\"https:\/\/panaderiadeartenara.com\/es\/wp-content\/uploads\/2021\/01\/slider-secundario-inicio-13-570x450.jpg\" class=\"attachment-fructesh-thumb-m-2 size-fructesh-thumb-m-2\" alt=\"\" loading=\"lazy\" \/>\t\t\t\t\t\t\t\t\t\t\t<\/div>\n\t\t\t\t<\/div>\n\t\t\t\t<\/div>\n\t\t\t\t\t\t<\/div>\n\t\t\t<\/div>\n\t\t<\/div>\n\t\t\t\t<div class=\"elementor-element elementor-element-25f6d21 elementor-invisible elementor-column elementor-col-50 elementor-top-column\" data-id=\"25f6d21\" data-element_type=\"column\" data-settings=\"{&quot;animation&quot;:&quot;fadeInRight&quot;}\">\n\t\t\t<div class=\"elementor-column-wrap  elementor-element-populated\">\n\t\t\t\t\t<div class=\"elementor-widget-wrap\">\n\t\t\t\t<div class=\"elementor-element elementor-element-69367bb elementor-hidden-phone elementor-widget elementor-widget-spacer\" data-id=\"69367bb\" data-element_type=\"widget\" data-widget_type=\"spacer.default\">\n\t\t\t\t<div class=\"elementor-widget-container\">\n\t\t\t\t\t<div class=\"elementor-spacer\">\n\t\t\t<div class=\"elementor-spacer-inner\"><\/div>\n\t\t<\/div>\n\t\t\t\t<\/div>\n\t\t\t\t<\/div>\n\t\t\t\t<div class=\"elementor-element elementor-element-ba968e6 elementor-widget elementor-widget-heading\" data-id=\"ba968e6\" data-element_type=\"widget\" data-widget_type=\"heading.default\">\n\t\t\t\t<div class=\"elementor-widget-container\">\n\t\t\t<h2 class=\"elementor-heading-title elementor-size-default\">PAN NORMAL<\/h2>\t\t<\/div>\n\t\t\t\t<\/div>\n\t\t\t\t<div class=\"elementor-element elementor-element-3242a55 elementor-widget elementor-widget-text-editor\" data-id=\"3242a55\" data-element_type=\"widget\" data-widget_type=\"text-editor.default\">\n\t\t\t\t<div class=\"elementor-widget-container\">\n\t\t\t\t\t<div class=\"elementor-text-editor elementor-clearfix\"><p><span style=\"color: #202122; font-family: sans-serif; font-size: 14px;\">Es un\u00a0<\/span>pan<span style=\"color: #202122; font-family: sans-serif; font-size: 14px;\">\u00a0elaborado con\u00a0<\/span>harina de trigo<span style=\"color: #202122; font-family: sans-serif; font-size: 14px;\">\u00a0refinada, es decir, aquella a la que se ha retirado el\u00a0<\/span>salvado<span style=\"color: #202122; font-family: sans-serif; font-size: 14px;\">\u00a0(resultado de la molienda de las capas m\u00e1s externas del grano) y a menudo tambi\u00e9n el\u00a0<\/span>germen del cereal<span style=\"color: #202122; font-family: sans-serif; font-size: 14px;\">, en contraste con el\u00a0<\/span>pan integral<span style=\"color: #202122; font-family: sans-serif; font-size: 14px;\">\u00a0hecho con\u00a0<\/span>harina integral<span style=\"color: #202122; font-family: sans-serif; font-size: 14px;\">\u00a0de trigo, en la que estas partes se dejan y contribuyen al color parduzco.<\/span><\/p><\/div>\n\t\t\t\t<\/div>\n\t\t\t\t<\/div>\n\t\t\t\t\t\t<\/div>\n\t\t\t<\/div>\n\t\t<\/div>\n\t\t\t\t\t\t<\/div>\n\t\t\t<\/div>\n\t\t<\/section>\n\t\t\t\t<section class=\"elementor-element elementor-element-0d46392 elementor-section-boxed elementor-section-height-default elementor-section-height-default elementor-section elementor-top-section\" data-id=\"0d46392\" data-element_type=\"section\" data-settings=\"{&quot;background_background&quot;:&quot;classic&quot;}\">\n\t\t\t\t\t\t<div class=\"elementor-container elementor-column-gap-default\">\n\t\t\t\t<div class=\"elementor-row\">\n\t\t\t\t<div class=\"elementor-element elementor-element-09ee427 elementor-invisible elementor-column elementor-col-50 elementor-top-column\" data-id=\"09ee427\" data-element_type=\"column\" data-settings=\"{&quot;animation&quot;:&quot;fadeInLeft&quot;}\">\n\t\t\t<div class=\"elementor-column-wrap  elementor-element-populated\">\n\t\t\t\t\t<div class=\"elementor-widget-wrap\">\n\t\t\t\t<div class=\"elementor-element elementor-element-66d368d elementor-hidden-phone elementor-widget elementor-widget-spacer\" data-id=\"66d368d\" data-element_type=\"widget\" data-widget_type=\"spacer.default\">\n\t\t\t\t<div class=\"elementor-widget-container\">\n\t\t\t\t\t<div class=\"elementor-spacer\">\n\t\t\t<div class=\"elementor-spacer-inner\"><\/div>\n\t\t<\/div>\n\t\t\t\t<\/div>\n\t\t\t\t<\/div>\n\t\t\t\t<div class=\"elementor-element elementor-element-eeac56f elementor-widget elementor-widget-heading\" data-id=\"eeac56f\" data-element_type=\"widget\" data-widget_type=\"heading.default\">\n\t\t\t\t<div class=\"elementor-widget-container\">\n\t\t\t<h2 class=\"elementor-heading-title elementor-size-default\">PAN INTEGRAL<\/h2>\t\t<\/div>\n\t\t\t\t<\/div>\n\t\t\t\t<div class=\"elementor-element elementor-element-87a390c elementor-widget elementor-widget-text-editor\" data-id=\"87a390c\" data-element_type=\"widget\" data-widget_type=\"text-editor.default\">\n\t\t\t\t<div class=\"elementor-widget-container\">\n\t\t\t\t\t<div class=\"elementor-text-editor elementor-clearfix\"><p>Tambi\u00e9n conocido como <b>pan moreno<\/b>\u00a0o\u00a0<b>pan marr\u00f3n<\/b>, es aquel\u00a0pan\u00a0que ha sido elaborado con\u00a0harina\u00a0no\u00a0refinada, es decir, que se ha dejado el\u00a0grano entero, lo que incluye el\u00a0salvado, por lo que posee una gran cantidad de\u00a0fibra diet\u00e9tica, a diferencia del\u00a0pan blanco, que s\u00ed est\u00e1 refinado. Es uno de los\u00a0alimentos integrales\u00a0m\u00e1s populares. Tambi\u00e9n, ciertos panes elaborados \u00aba la manera tradicional\u00bb son denominados <strong>\u00abintegrales\u00bb<\/strong>, como el\u00a0pan de soda\u00a0irland\u00e9s.<sup id=\"cite_ref-Wayne_2-0\" class=\"reference separada\"><\/sup>\u200b En algunos pa\u00edses del\u00a0norte de Europa\u00a0se considera el consumo de este pan como un ingrediente de la\u00a0dieta equilibrada.<\/p><\/div>\n\t\t\t\t<\/div>\n\t\t\t\t<\/div>\n\t\t\t\t\t\t<\/div>\n\t\t\t<\/div>\n\t\t<\/div>\n\t\t\t\t<div class=\"elementor-element elementor-element-a9423ed elementor-column elementor-col-50 elementor-top-column\" data-id=\"a9423ed\" data-element_type=\"column\">\n\t\t\t<div class=\"elementor-column-wrap  elementor-element-populated\">\n\t\t\t\t\t<div class=\"elementor-widget-wrap\">\n\t\t\t\t<div class=\"elementor-element elementor-element-9b45b27 elementor-invisible elementor-widget elementor-widget-image\" data-id=\"9b45b27\" data-element_type=\"widget\" data-settings=\"{&quot;_animation&quot;:&quot;bounceInRight&quot;}\" data-widget_type=\"image.default\">\n\t\t\t\t<div class=\"elementor-widget-container\">\n\t\t\t\t\t<div class=\"elementor-image\">\n\t\t\t\t\t\t\t\t\t\t<img width=\"570\" height=\"400\" src=\"https:\/\/panaderiadeartenara.com\/es\/wp-content\/uploads\/2020\/12\/Pan-integral-570x400.jpg\" class=\"attachment-fructesh-thumb-m-2 size-fructesh-thumb-m-2\" alt=\"\" loading=\"lazy\" \/>\t\t\t\t\t\t\t\t\t\t\t<\/div>\n\t\t\t\t<\/div>\n\t\t\t\t<\/div>\n\t\t\t\t\t\t<\/div>\n\t\t\t<\/div>\n\t\t<\/div>\n\t\t\t\t\t\t<\/div>\n\t\t\t<\/div>\n\t\t<\/section>\n\t\t\t\t<section class=\"elementor-element elementor-element-d425e89 elementor-reverse-mobile elementor-section-boxed elementor-section-height-default elementor-section-height-default elementor-section elementor-top-section\" data-id=\"d425e89\" data-element_type=\"section\">\n\t\t\t\t\t\t<div class=\"elementor-container elementor-column-gap-default\">\n\t\t\t\t<div class=\"elementor-row\">\n\t\t\t\t<div class=\"elementor-element elementor-element-184437a elementor-column elementor-col-50 elementor-top-column\" data-id=\"184437a\" data-element_type=\"column\">\n\t\t\t<div class=\"elementor-column-wrap  elementor-element-populated\">\n\t\t\t\t\t<div class=\"elementor-widget-wrap\">\n\t\t\t\t<div class=\"elementor-element elementor-element-1efd0da elementor-invisible elementor-widget elementor-widget-image\" data-id=\"1efd0da\" data-element_type=\"widget\" data-settings=\"{&quot;_animation&quot;:&quot;bounceInLeft&quot;}\" data-widget_type=\"image.default\">\n\t\t\t\t<div class=\"elementor-widget-container\">\n\t\t\t\t\t<div class=\"elementor-image\">\n\t\t\t\t\t\t\t\t\t\t<img width=\"570\" height=\"450\" src=\"https:\/\/panaderiadeartenara.com\/es\/wp-content\/uploads\/2021\/01\/slider-secundario-inicio-11-570x450.jpg\" class=\"attachment-fructesh-thumb-m-2 size-fructesh-thumb-m-2\" alt=\"\" loading=\"lazy\" \/>\t\t\t\t\t\t\t\t\t\t\t<\/div>\n\t\t\t\t<\/div>\n\t\t\t\t<\/div>\n\t\t\t\t\t\t<\/div>\n\t\t\t<\/div>\n\t\t<\/div>\n\t\t\t\t<div class=\"elementor-element elementor-element-2f6a165 elementor-invisible elementor-column elementor-col-50 elementor-top-column\" data-id=\"2f6a165\" data-element_type=\"column\" data-settings=\"{&quot;animation&quot;:&quot;fadeInRight&quot;}\">\n\t\t\t<div class=\"elementor-column-wrap  elementor-element-populated\">\n\t\t\t\t\t<div class=\"elementor-widget-wrap\">\n\t\t\t\t<div class=\"elementor-element elementor-element-7731620 elementor-hidden-phone elementor-widget elementor-widget-spacer\" data-id=\"7731620\" data-element_type=\"widget\" data-widget_type=\"spacer.default\">\n\t\t\t\t<div class=\"elementor-widget-container\">\n\t\t\t\t\t<div class=\"elementor-spacer\">\n\t\t\t<div class=\"elementor-spacer-inner\"><\/div>\n\t\t<\/div>\n\t\t\t\t<\/div>\n\t\t\t\t<\/div>\n\t\t\t\t<div class=\"elementor-element elementor-element-c72257e elementor-widget elementor-widget-heading\" data-id=\"c72257e\" data-element_type=\"widget\" data-widget_type=\"heading.default\">\n\t\t\t\t<div class=\"elementor-widget-container\">\n\t\t\t<h2 class=\"elementor-heading-title elementor-size-default\">PAN DE MILLO<\/h2>\t\t<\/div>\n\t\t\t\t<\/div>\n\t\t\t\t<div class=\"elementor-element elementor-element-cd4eee4 elementor-widget elementor-widget-text-editor\" data-id=\"cd4eee4\" data-element_type=\"widget\" data-widget_type=\"text-editor.default\">\n\t\t\t\t<div class=\"elementor-widget-container\">\n\t\t\t\t\t<div class=\"elementor-text-editor elementor-clearfix\"><p>El pan de millo o de ma\u00edz, est\u00e1 realizado principalmente con harina de millo, d\u00e1ndole ese color amarillento que lo caracteriza. Este pan suele ser bastante dulz\u00f3n, a la par que sabroso.<\/p><p>Es el resultado de la combinaci\u00f3n de la harina de trigo en proporcionas peque\u00f1as, harina de millo, sal y matalah\u00fava. Es un pan artesano, amasado a mano y cocinado en un horno tradicional.<\/p><\/div>\n\t\t\t\t<\/div>\n\t\t\t\t<\/div>\n\t\t\t\t\t\t<\/div>\n\t\t\t<\/div>\n\t\t<\/div>\n\t\t\t\t\t\t<\/div>\n\t\t\t<\/div>\n\t\t<\/section>\n\t\t\t\t<section class=\"elementor-element elementor-element-d6832ee elementor-section-boxed elementor-section-height-default elementor-section-height-default elementor-section elementor-top-section\" data-id=\"d6832ee\" data-element_type=\"section\" data-settings=\"{&quot;background_background&quot;:&quot;classic&quot;}\">\n\t\t\t\t\t\t<div class=\"elementor-container elementor-column-gap-default\">\n\t\t\t\t<div class=\"elementor-row\">\n\t\t\t\t<div class=\"elementor-element elementor-element-330d525 elementor-invisible elementor-column elementor-col-50 elementor-top-column\" data-id=\"330d525\" data-element_type=\"column\" data-settings=\"{&quot;animation&quot;:&quot;fadeInLeft&quot;}\">\n\t\t\t<div class=\"elementor-column-wrap  elementor-element-populated\">\n\t\t\t\t\t<div class=\"elementor-widget-wrap\">\n\t\t\t\t<div class=\"elementor-element elementor-element-afd0b09 elementor-hidden-phone elementor-widget elementor-widget-spacer\" data-id=\"afd0b09\" data-element_type=\"widget\" data-widget_type=\"spacer.default\">\n\t\t\t\t<div class=\"elementor-widget-container\">\n\t\t\t\t\t<div class=\"elementor-spacer\">\n\t\t\t<div class=\"elementor-spacer-inner\"><\/div>\n\t\t<\/div>\n\t\t\t\t<\/div>\n\t\t\t\t<\/div>\n\t\t\t\t<div class=\"elementor-element elementor-element-7fba55c elementor-widget elementor-widget-heading\" data-id=\"7fba55c\" data-element_type=\"widget\" data-widget_type=\"heading.default\">\n\t\t\t\t<div class=\"elementor-widget-container\">\n\t\t\t<h2 class=\"elementor-heading-title elementor-size-default\">PAN DE PAPAS<\/h2>\t\t<\/div>\n\t\t\t\t<\/div>\n\t\t\t\t<div class=\"elementor-element elementor-element-f8715e5 elementor-widget elementor-widget-text-editor\" data-id=\"f8715e5\" data-element_type=\"widget\" data-widget_type=\"text-editor.default\">\n\t\t\t\t<div class=\"elementor-widget-container\">\n\t\t\t\t\t<div class=\"elementor-text-editor elementor-clearfix\"><p class=\"p1\">\u00bfSabias que Canarias, fue uno de los primeros sitios a donde lleg\u00f3 la papa junto con el millo desde las colonias americanas? Pronto el agricultor canario lo adopt\u00f3 como cultivo, hasta el punto que hoy en d\u00eda la papa es un ingrediente imprescindible en la cocina canaria.<\/p><p class=\"p1\">En Panader\u00eda Abraham Romero se encuentra el mejor pan de papas de toda la isla. \u00a1TE ESPERAMOS!<\/p><p class=\"p1\">Los ingredientes del pan de papas son: papas del pais sancochadas, matala\u00fava, harina, levadura, canela, agua y sal.<\/p><\/div>\n\t\t\t\t<\/div>\n\t\t\t\t<\/div>\n\t\t\t\t\t\t<\/div>\n\t\t\t<\/div>\n\t\t<\/div>\n\t\t\t\t<div class=\"elementor-element elementor-element-d81c5ab elementor-column elementor-col-50 elementor-top-column\" data-id=\"d81c5ab\" data-element_type=\"column\">\n\t\t\t<div class=\"elementor-column-wrap  elementor-element-populated\">\n\t\t\t\t\t<div class=\"elementor-widget-wrap\">\n\t\t\t\t<div class=\"elementor-element elementor-element-f38065a elementor-invisible elementor-widget elementor-widget-image\" data-id=\"f38065a\" data-element_type=\"widget\" data-settings=\"{&quot;_animation&quot;:&quot;bounceInRight&quot;}\" data-widget_type=\"image.default\">\n\t\t\t\t<div class=\"elementor-widget-container\">\n\t\t\t\t\t<div class=\"elementor-image\">\n\t\t\t\t\t\t\t\t\t\t<img width=\"570\" height=\"450\" src=\"https:\/\/panaderiadeartenara.com\/es\/wp-content\/uploads\/2021\/01\/slider-secundario-inicio-15-570x450.jpg\" class=\"attachment-fructesh-thumb-m-2 size-fructesh-thumb-m-2\" alt=\"\" loading=\"lazy\" \/>\t\t\t\t\t\t\t\t\t\t\t<\/div>\n\t\t\t\t<\/div>\n\t\t\t\t<\/div>\n\t\t\t\t\t\t<\/div>\n\t\t\t<\/div>\n\t\t<\/div>\n\t\t\t\t\t\t<\/div>\n\t\t\t<\/div>\n\t\t<\/section>\n\t\t\t\t<section class=\"elementor-element elementor-element-4152294 elementor-reverse-mobile elementor-section-boxed elementor-section-height-default elementor-section-height-default elementor-section elementor-top-section\" data-id=\"4152294\" data-element_type=\"section\">\n\t\t\t\t\t\t<div class=\"elementor-container elementor-column-gap-default\">\n\t\t\t\t<div class=\"elementor-row\">\n\t\t\t\t<div class=\"elementor-element elementor-element-46afced elementor-column elementor-col-50 elementor-top-column\" data-id=\"46afced\" data-element_type=\"column\">\n\t\t\t<div class=\"elementor-column-wrap  elementor-element-populated\">\n\t\t\t\t\t<div class=\"elementor-widget-wrap\">\n\t\t\t\t<div class=\"elementor-element elementor-element-0daa541 elementor-invisible elementor-widget elementor-widget-image\" data-id=\"0daa541\" data-element_type=\"widget\" data-settings=\"{&quot;_animation&quot;:&quot;bounceInLeft&quot;}\" data-widget_type=\"image.default\">\n\t\t\t\t<div class=\"elementor-widget-container\">\n\t\t\t\t\t<div class=\"elementor-image\">\n\t\t\t\t\t\t\t\t\t\t<img width=\"570\" height=\"450\" src=\"https:\/\/panaderiadeartenara.com\/es\/wp-content\/uploads\/2021\/01\/slider-secundario-inicio-10-570x450.jpg\" class=\"attachment-fructesh-thumb-m-2 size-fructesh-thumb-m-2\" alt=\"\" loading=\"lazy\" \/>\t\t\t\t\t\t\t\t\t\t\t<\/div>\n\t\t\t\t<\/div>\n\t\t\t\t<\/div>\n\t\t\t\t\t\t<\/div>\n\t\t\t<\/div>\n\t\t<\/div>\n\t\t\t\t<div class=\"elementor-element elementor-element-4053101 elementor-invisible elementor-column elementor-col-50 elementor-top-column\" data-id=\"4053101\" data-element_type=\"column\" data-settings=\"{&quot;animation&quot;:&quot;fadeInRight&quot;}\">\n\t\t\t<div class=\"elementor-column-wrap  elementor-element-populated\">\n\t\t\t\t\t<div class=\"elementor-widget-wrap\">\n\t\t\t\t<div class=\"elementor-element elementor-element-78d6e6c elementor-hidden-phone elementor-widget elementor-widget-spacer\" data-id=\"78d6e6c\" data-element_type=\"widget\" data-widget_type=\"spacer.default\">\n\t\t\t\t<div class=\"elementor-widget-container\">\n\t\t\t\t\t<div class=\"elementor-spacer\">\n\t\t\t<div class=\"elementor-spacer-inner\"><\/div>\n\t\t<\/div>\n\t\t\t\t<\/div>\n\t\t\t\t<\/div>\n\t\t\t\t<div class=\"elementor-element elementor-element-7067247 elementor-widget elementor-widget-heading\" data-id=\"7067247\" data-element_type=\"widget\" data-widget_type=\"heading.default\">\n\t\t\t\t<div class=\"elementor-widget-container\">\n\t\t\t<h2 class=\"elementor-heading-title elementor-size-default\">PAN BIZCOCHADO<\/h2>\t\t<\/div>\n\t\t\t\t<\/div>\n\t\t\t\t<div class=\"elementor-element elementor-element-d6c6bbc elementor-widget elementor-widget-text-editor\" data-id=\"d6c6bbc\" data-element_type=\"widget\" data-widget_type=\"text-editor.default\">\n\t\t\t\t<div class=\"elementor-widget-container\">\n\t\t\t\t\t<div class=\"elementor-text-editor elementor-clearfix\"><p>Este pan no es ninguna receta, es un buen truco para aprovechar el pan del d\u00eda anterior, y tener unas rodajitas de pan crujiente para acompa\u00f1ar la comida o el desayuno o para un aperitivo.<\/p><p>Es muy f\u00e1cil, lo \u00fanico es tener un poco de habilidad para cortar unas rebanadas muy finitas, y luego vigilar bien el horno. Precalentar el gratinador del horno a 200\u00baC.<\/p><p>Con un cuchillo muy afilado cortar rebanadas muy muy finas, colocarlas sobre una bandeja de horno y meterlo en el horno en nivel medio-alto<br \/>Vigilar constantemente para que no se quemen.<br \/><br \/><br \/><\/p><\/div>\n\t\t\t\t<\/div>\n\t\t\t\t<\/div>\n\t\t\t\t\t\t<\/div>\n\t\t\t<\/div>\n\t\t<\/div>\n\t\t\t\t\t\t<\/div>\n\t\t\t<\/div>\n\t\t<\/section>\n\t\t\t\t\t\t<\/div>\n\t\t\t<\/div>\n\t\t<\/div>\n\t\t","protected":false},"excerpt":{"rendered":"<p>NUESTROS PRODUCTOS Inicio PAN NORMAL Es un\u00a0pan\u00a0elaborado con\u00a0harina de trigo\u00a0refinada, es decir, aquella a la que se ha retirado el\u00a0salvado\u00a0(resultado de la molienda de las capas m\u00e1s externas del grano) y a menudo tambi\u00e9n el\u00a0germen del cereal, en contraste con el\u00a0pan integral\u00a0hecho con\u00a0harina integral\u00a0de trigo, en la que estas partes se dejan y contribuyen al [&hellip;]<\/p>\n","protected":false},"author":1,"featured_media":0,"parent":0,"menu_order":0,"comment_status":"closed","ping_status":"closed","template":"elementor_header_footer","meta":[],"_links":{"self":[{"href":"https:\/\/panaderiadeartenara.com\/es\/wp-json\/wp\/v2\/pages\/820"}],"collection":[{"href":"https:\/\/panaderiadeartenara.com\/es\/wp-json\/wp\/v2\/pages"}],"about":[{"href":"https:\/\/panaderiadeartenara.com\/es\/wp-json\/wp\/v2\/types\/page"}],"author":[{"embeddable":true,"href":"https:\/\/panaderiadeartenara.com\/es\/wp-json\/wp\/v2\/users\/1"}],"replies":[{"embeddable":true,"href":"https:\/\/panaderiadeartenara.com\/es\/wp-json\/wp\/v2\/comments?post=820"}],"version-history":[{"count":16,"href":"https:\/\/panaderiadeartenara.com\/es\/wp-json\/wp\/v2\/pages\/820\/revisions"}],"predecessor-version":[{"id":908,"href":"https:\/\/panaderiadeartenara.com\/es\/wp-json\/wp\/v2\/pages\/820\/revisions\/908"}],"wp:attachment":[{"href":"https:\/\/panaderiadeartenara.com\/es\/wp-json\/wp\/v2\/media?parent=820"}],"curies":[{"name":"wp","href":"https:\/\/api.w.org\/{rel}","templated":true}]}}