{"id":891,"date":"2021-02-22T14:29:53","date_gmt":"2021-02-22T14:29:53","guid":{"rendered":"https:\/\/panaderiadeartenara.com\/?page_id=891"},"modified":"2021-02-22T14:38:44","modified_gmt":"2021-02-22T14:38:44","slug":"politica-de-cookies","status":"publish","type":"page","link":"https:\/\/panaderiadeartenara.com\/es\/politica-de-cookies\/","title":{"rendered":"Pol\u00edtica de Cookies"},"content":{"rendered":"\t\t<div data-elementor-type=\"wp-page\" data-elementor-id=\"891\" class=\"elementor elementor-891\" data-elementor-settings=\"[]\">\n\t\t\t<div class=\"elementor-inner\">\n\t\t\t\t<div class=\"elementor-section-wrap\">\n\t\t\t\t\t\t\t<section class=\"elementor-element elementor-element-60f0d11d elementor-section-boxed elementor-section-height-default elementor-section-height-default elementor-section elementor-top-section\" data-id=\"60f0d11d\" data-element_type=\"section\">\n\t\t\t\t\t\t<div class=\"elementor-container elementor-column-gap-default\">\n\t\t\t\t<div class=\"elementor-row\">\n\t\t\t\t<div class=\"elementor-element elementor-element-3da625ef elementor-column elementor-col-100 elementor-top-column\" data-id=\"3da625ef\" data-element_type=\"column\">\n\t\t\t<div class=\"elementor-column-wrap  elementor-element-populated\">\n\t\t\t\t\t<div class=\"elementor-widget-wrap\">\n\t\t\t\t<div class=\"elementor-element elementor-element-40150e8 elementor-widget elementor-widget-heading\" data-id=\"40150e8\" data-element_type=\"widget\" data-widget_type=\"heading.default\">\n\t\t\t\t<div class=\"elementor-widget-container\">\n\t\t\t<h2 class=\"elementor-heading-title elementor-size-default\">Pol\u00edtica de Cookies<\/h2>\t\t<\/div>\n\t\t\t\t<\/div>\n\t\t\t\t\t\t<\/div>\n\t\t\t<\/div>\n\t\t<\/div>\n\t\t\t\t\t\t<\/div>\n\t\t\t<\/div>\n\t\t<\/section>\n\t\t\t\t<section class=\"elementor-element elementor-element-4230299 elementor-section-boxed elementor-section-height-default elementor-section-height-default elementor-section elementor-top-section\" data-id=\"4230299\" data-element_type=\"section\">\n\t\t\t\t\t\t<div class=\"elementor-container elementor-column-gap-default\">\n\t\t\t\t<div class=\"elementor-row\">\n\t\t\t\t<div class=\"elementor-element elementor-element-d31cebd elementor-column elementor-col-100 elementor-top-column\" data-id=\"d31cebd\" data-element_type=\"column\">\n\t\t\t<div class=\"elementor-column-wrap  elementor-element-populated\">\n\t\t\t\t\t<div class=\"elementor-widget-wrap\">\n\t\t\t\t<div class=\"elementor-element elementor-element-3ae6632 elementor-widget elementor-widget-text-editor\" data-id=\"3ae6632\" data-element_type=\"widget\" data-widget_type=\"text-editor.default\">\n\t\t\t\t<div class=\"elementor-widget-container\">\n\t\t\t\t\t<div class=\"elementor-text-editor elementor-clearfix\"><p><b>\u00bfQu\u00e9 son las cookies?<\/b><\/p>\n<p><span style=\"font-weight: 400;\">Una cookie es un fichero que se descarga en su ordenador al acceder a determinadas p\u00e1ginas web. Las cookies permiten a una p\u00e1gina web, entre otras cosas, almacenar y recuperar informaci\u00f3n sobre los h\u00e1bitos de navegaci\u00f3n de un usuario o de su equipo y, dependiendo de la informaci\u00f3n que contengan y de la forma en que utilice su equipo, pueden utilizarse para reconocer al usuario. Las cookies son esenciales para el funcionamiento de internet, aportando innumerables ventajas en la prestaci\u00f3n de servicios interactivos, facilit\u00e1ndole la navegaci\u00f3n y usuabilidad de nuestra web.<\/span><\/p>\n<p><b>\u00bfC\u00f3mo usa Abraham Romero Gonzalez S.L. las cookies?<\/b><\/p>\n<p><span style=\"font-weight: 400;\">Usamos las cookies para hacer lo siguiente:<\/span><\/p>\n<p><b>1)<\/b><span style=\"font-weight: 400;\">\u00a0Permitirte iniciar sesi\u00f3n en nuestros servicios.<\/span><\/p>\n<p><b>2)<\/b><span style=\"font-weight: 400;\">\u00a0Recordar preferencias y ajustes.<\/span><\/p>\n<p><b>3)<\/b><span style=\"font-weight: 400;\">\u00a0Garantizar la seguridad de tu cuenta.<\/span><\/p>\n<p><b>4)<\/b><span style=\"font-weight: 400;\">\u00a0Comprender mejor c\u00f3mo usa la gente nuestros servicios para mejorarlos y anunciarlos en funci\u00f3n de esa informaci\u00f3n.<\/span><\/p>\n<p><b>Tipos de cookies<\/b><\/p>\n<p><b>Cookies propias:<\/b><span style=\"font-weight: 400;\">\u00a0Son aquellas que se recaban por el propio editor para prestar el servicio solicitado por el usuario.\u00a0<\/span><\/p>\n<p><b>Cookies de tercero:<\/b><span style=\"font-weight: 400;\">\u00a0Son aquellas que son recabadas y gestionadas por un tercero, estas no se pueden considerar propias.\u00a0<\/span><\/p>\n<p><b>Cookies t\u00e9cnicas:<\/b><span style=\"font-weight: 400;\">\u00a0Son las necesarias para la correcta navegaci\u00f3n por la web.\u00a0<\/span><\/p>\n<p><b>Cookies de personalizaci\u00f3n:<\/b><span style=\"font-weight: 400;\">\u00a0Permiten al usuario las caracter\u00edsticas (idioma) para la navegaci\u00f3n por la website.\u00a0<\/span><\/p>\n<p><b>Cookies de an\u00e1lisis:<\/b><span style=\"font-weight: 400;\">\u00a0Permiten al prestador el an\u00e1lisis vinculado a la navegaci\u00f3n realizada por el usuario, con la finalidad de llevar un seguimiento de uso de la p\u00e1gina web as\u00ed como realizar estad\u00edsticas de los contenidos m\u00e1s visitados, n\u00famero de visitantes, etc.\u00a0<\/span><\/p>\n<p><b>Cookies publicitarias:<\/b><span style=\"font-weight: 400;\">\u00a0Permiten al editor incluir en la web espacios publicitarios, seg\u00fan el contenido de la propia web.\u00a0<\/span><\/p>\n<p><b>Cookies de publicidad comportamental:<\/b><span style=\"font-weight: 400;\"> Permiten al editor incluir en la p\u00e1gina web espacios publicitarios seg\u00fan la informaci\u00f3n obtenida a trav\u00e9s de los h\u00e1bitos de navegaci\u00f3n del usuario.<\/span><span style=\"font-weight: 400;\"><br \/><\/span><\/p>\n<p><b>Eliminaci\u00f3n de cookies<\/b><\/p>\n<p><span style=\"font-weight: 400;\">Usted puede permitir, bloquear o eliminar las cookies instaladas en su equipo mediante la configuraci\u00f3n de las opciones del navegador instalado en su ordenador, en caso que no permita la instalaci\u00f3n de cookies en su navegador es posible que no pueda acceder a alguna de las secciones de nuestra web.<\/span><span style=\"font-weight: 400;\">\u00a0<\/span><\/p>\n<p><span style=\"font-weight: 400;\">Para m\u00e1s informaci\u00f3n sobre como bloquear el uso de la cookies puedes hacerlo a trav\u00e9s de\u00a0<\/span><a href=\"https:\/\/support.google.com\/chrome\/answer\/95647?hl=es\"><b>Google Chrome<\/b><\/a><b>.\u00a0<\/b><\/p>\n<p><span style=\"font-weight: 400;\">Para m\u00e1s informaci\u00f3n sobre como bloquear el uso de la cookies puedes hacerlo a trav\u00e9s de<\/span><b>\u00a0<\/b><a href=\"https:\/\/support.mozilla.org\/es\/kb\/habilitar-y-deshabilitar-cookies-sitios-web-rastrear-preferencias?redirectlocale=es&amp;redirectslug=habilitar-y-deshabilitar-cookies-que-los-sitios-we\"><b>Firefox<\/b><\/a><b>.\u00a0<\/b><\/p>\n<p><span style=\"font-weight: 400;\">Para m\u00e1s informaci\u00f3n sobre como bloquear el uso de la cookies puedes hacerlo a trav\u00e9s de<\/span><b>\u00a0<\/b><a href=\"https:\/\/support.microsoft.com\/es-es\/help\/17442\/windows-internet-explorer-delete-manage-cookies%23ie=ie-10\"><b>Internet Explorer<\/b><\/a><b>.\u00a0<\/b><\/p>\n<p><span style=\"font-weight: 400;\">Para m\u00e1s informaci\u00f3n sobre como bloquear el uso de la cookies puedes hacerlo a trav\u00e9s de<\/span><b>\u00a0<\/b><a href=\"https:\/\/support.apple.com\/kb\/ph17191?locale=es_ES\"><b>safari<\/b><\/a><span style=\"font-weight: 400;\">.<\/span><\/p><\/div>\n\t\t\t\t<\/div>\n\t\t\t\t<\/div>\n\t\t\t\t\t\t<\/div>\n\t\t\t<\/div>\n\t\t<\/div>\n\t\t\t\t\t\t<\/div>\n\t\t\t<\/div>\n\t\t<\/section>\n\t\t\t\t<section class=\"elementor-element elementor-element-f71174c elementor-section-boxed elementor-section-height-default elementor-section-height-default elementor-section elementor-top-section\" data-id=\"f71174c\" data-element_type=\"section\">\n\t\t\t\t\t\t<div class=\"elementor-container elementor-column-gap-default\">\n\t\t\t\t<div class=\"elementor-row\">\n\t\t\t\t<div class=\"elementor-element elementor-element-570d292 elementor-column elementor-col-100 elementor-top-column\" data-id=\"570d292\" data-element_type=\"column\">\n\t\t\t<div class=\"elementor-column-wrap  elementor-element-populated\">\n\t\t\t\t\t<div class=\"elementor-widget-wrap\">\n\t\t\t\t<div class=\"elementor-element elementor-element-f08e512 elementor-widget elementor-widget-spacer\" data-id=\"f08e512\" data-element_type=\"widget\" data-widget_type=\"spacer.default\">\n\t\t\t\t<div class=\"elementor-widget-container\">\n\t\t\t\t\t<div class=\"elementor-spacer\">\n\t\t\t<div class=\"elementor-spacer-inner\"><\/div>\n\t\t<\/div>\n\t\t\t\t<\/div>\n\t\t\t\t<\/div>\n\t\t\t\t\t\t<\/div>\n\t\t\t<\/div>\n\t\t<\/div>\n\t\t\t\t\t\t<\/div>\n\t\t\t<\/div>\n\t\t<\/section>\n\t\t\t\t\t\t<\/div>\n\t\t\t<\/div>\n\t\t<\/div>\n\t\t","protected":false},"excerpt":{"rendered":"<p>Pol\u00edtica de Cookies \u00bfQu\u00e9 son las cookies? Una cookie es un fichero que se descarga en su ordenador al acceder a determinadas p\u00e1ginas web. Las cookies permiten a una p\u00e1gina web, entre otras cosas, almacenar y recuperar informaci\u00f3n sobre los h\u00e1bitos de navegaci\u00f3n de un usuario o de su equipo y, dependiendo de la informaci\u00f3n [&hellip;]<\/p>\n","protected":false},"author":1,"featured_media":0,"parent":0,"menu_order":0,"comment_status":"closed","ping_status":"closed","template":"elementor_header_footer","meta":[],"_links":{"self":[{"href":"https:\/\/panaderiadeartenara.com\/es\/wp-json\/wp\/v2\/pages\/891"}],"collection":[{"href":"https:\/\/panaderiadeartenara.com\/es\/wp-json\/wp\/v2\/pages"}],"about":[{"href":"https:\/\/panaderiadeartenara.com\/es\/wp-json\/wp\/v2\/types\/page"}],"author":[{"embeddable":true,"href":"https:\/\/panaderiadeartenara.com\/es\/wp-json\/wp\/v2\/users\/1"}],"replies":[{"embeddable":true,"href":"https:\/\/panaderiadeartenara.com\/es\/wp-json\/wp\/v2\/comments?post=891"}],"version-history":[{"count":4,"href":"https:\/\/panaderiadeartenara.com\/es\/wp-json\/wp\/v2\/pages\/891\/revisions"}],"predecessor-version":[{"id":896,"href":"https:\/\/panaderiadeartenara.com\/es\/wp-json\/wp\/v2\/pages\/891\/revisions\/896"}],"wp:attachment":[{"href":"https:\/\/panaderiadeartenara.com\/es\/wp-json\/wp\/v2\/media?parent=891"}],"curies":[{"name":"wp","href":"https:\/\/api.w.org\/{rel}","templated":true}]}}