{"id":900,"date":"2021-02-22T14:45:47","date_gmt":"2021-02-22T14:45:47","guid":{"rendered":"https:\/\/panaderiadeartenara.com\/?page_id=900"},"modified":"2021-02-22T14:47:35","modified_gmt":"2021-02-22T14:47:35","slug":"politica-de-privacidad","status":"publish","type":"page","link":"https:\/\/panaderiadeartenara.com\/es\/politica-de-privacidad\/","title":{"rendered":"Pol\u00edtica de Privacidad"},"content":{"rendered":"\t\t<div data-elementor-type=\"wp-page\" data-elementor-id=\"900\" class=\"elementor elementor-900\" data-elementor-settings=\"[]\">\n\t\t\t<div class=\"elementor-inner\">\n\t\t\t\t<div class=\"elementor-section-wrap\">\n\t\t\t\t\t\t\t<section class=\"elementor-element elementor-element-df5bda0 elementor-section-boxed elementor-section-height-default elementor-section-height-default elementor-section elementor-top-section\" data-id=\"df5bda0\" data-element_type=\"section\">\n\t\t\t\t\t\t<div class=\"elementor-container elementor-column-gap-default\">\n\t\t\t\t<div class=\"elementor-row\">\n\t\t\t\t<div class=\"elementor-element elementor-element-e257e42 elementor-column elementor-col-100 elementor-top-column\" data-id=\"e257e42\" data-element_type=\"column\">\n\t\t\t<div class=\"elementor-column-wrap  elementor-element-populated\">\n\t\t\t\t\t<div class=\"elementor-widget-wrap\">\n\t\t\t\t<div class=\"elementor-element elementor-element-c369681 elementor-widget elementor-widget-text-editor\" data-id=\"c369681\" data-element_type=\"widget\" data-widget_type=\"text-editor.default\">\n\t\t\t\t<div class=\"elementor-widget-container\">\n\t\t\t\t\t<div class=\"elementor-text-editor elementor-clearfix\"><p><span style=\"font-weight: 400;\">Abraham Romero Gonzalez S.L.<\/span><span style=\"font-weight: 400;\"> informa seguidamente de su pol\u00edtica de privacidad aplicada a los datos personales. El uso de la p\u00e1gina web no implica que el usuario deba suministrar informaci\u00f3n alguna respecto a su identidad, no pudiendo ser asociada a un usuario concreto por la empresa. En el supuesto que se suministre datos de car\u00e1cter de personal, estos datos ser\u00e1n recogidos y utilizados conforme a las limitaciones y los derechos recogidos en la citada norma de protecci\u00f3n de datos.<\/span><\/p><p><b>\u00bfQui\u00e9n es el Responsable del tratamiento de sus datos?<\/b><\/p><p><span style=\"font-weight: 400;\">Identidad: Abraham Romero Gonzalez S.L.\u00a0 \u00a0 \u00a0 \u00a0 \u00a0\u00a0<\/span><span style=\"letter-spacing: 0px;\">CIF: B35070432<\/span><\/p><p><span style=\"letter-spacing: 0px;\">Direcci\u00f3n postal: 35350<\/span><\/p><p><span style=\"font-weight: 400;\">Tel\u00e9fono: 928 666 536<\/span><\/p><p><b>\u00bfCon qu\u00e9 finalidad tratamos sus datos personales?<\/b><\/p><p><span style=\"font-weight: 400;\">En Abraham Romero Gonzalez S.L. con las siguientes finalidades:<\/span><\/p><ul><li style=\"font-weight: 400;\" aria-level=\"1\"><span style=\"font-weight: 400;\">Desarrollo, cumplimiento y ejecuci\u00f3n del contrato de compraventa de los productos que ha adquirido o de cualquier otro contrato entre ambos;<\/span><\/li><li style=\"font-weight: 400;\" aria-level=\"1\"><span style=\"font-weight: 400;\">Atender las solicitudes que nos plantee;<\/span><\/li><\/ul><ul><li aria-level=\"1\"><span style=\"font-weight: 400;\">Proporcionarle informaci\u00f3n acerca de los productos de Abraham Romero Gonzalez S.L., incluyendo, en relaci\u00f3n con dichos productos, el env\u00edo de comunicaciones comerciales por correo electr\u00f3nico o por cualquier otro medio de comunicaci\u00f3n electr\u00f3nica equivalente (como SMS) as\u00ed como a trav\u00e9s de la realizaci\u00f3n de llamadas telef\u00f3nicas. Puede cambiar sus preferencias en relaci\u00f3n al env\u00edo de tales comunicaciones comerciales envi\u00e1ndonos un correo: <\/span><a href=\"mailto:info@panaderiadeartenara.com\"><span style=\"font-weight: 400;\">info@panaderiadeartenara.com<\/span><\/a><span style=\"font-weight: 400;\">.<\/span><\/li><\/ul><p><b>\u00bfA qu\u00e9 destinatarios se comunicar\u00e1n sus datos?<\/b><\/p><p><span style=\"font-weight: 400;\">Los datos personales no ser\u00e1n proporcionados a terceros salvo obligaci\u00f3n legal.<\/span><\/p><p><b>\u00bfPor cu\u00e1nto tiempo conservaremos sus datos?<\/b><\/p><p><span style=\"font-weight: 400;\">Los datos ser\u00e1n conservados mientras no se d\u00e9 de baja del bolet\u00edn informativo.\u00a0<\/span><\/p><p><b>\u00bfCu\u00e1les son sus derechos cuando nos facilita sus datos?<\/b><\/p><p><span style=\"font-weight: 400;\">Cualquier persona tiene derecho a obtener confirmaci\u00f3n sobre si estamos tratando datos personales que les conciernan, o no. Las personas interesadas tienen derecho a acceder a sus datos personales, as\u00ed como a solicitar la rectificaci\u00f3n de los datos inexactos o, en su caso, solicitar su supresi\u00f3n cuando, entre otros motivos, los datos ya no sea necesarios para los fines que fueron recogidos. Mediante correo electr\u00f3nico con fotocopia de DNI a la direcci\u00f3n arriba indicada.<\/span><\/p><p><span style=\"font-weight: 400;\">En determinadas circunstancias, los interesados podr\u00e1n solicitar la limitaci\u00f3n del tratamiento de sus datos, en cuyo caso \u00fanicamente los conservaremos para el ejercicio o la defensa de reclamaciones.<\/span><\/p><p><b>\u00bfC\u00f3mo hemos obtenido sus datos?<\/b><\/p><p><span style=\"font-weight: 400;\">Los datos personales que tratamos han sido proporcionados directamente por el interesado a trav\u00e9s de los diferentes formularios de los que dispone la p\u00e1gina web.<\/span><\/p><p><span style=\"font-weight: 400;\">\u00danicamente se tratar\u00e1n datos identificativos y correo electr\u00f3nico.<\/span><\/p><\/div>\n\t\t\t\t<\/div>\n\t\t\t\t<\/div>\n\t\t\t\t\t\t<\/div>\n\t\t\t<\/div>\n\t\t<\/div>\n\t\t\t\t\t\t<\/div>\n\t\t\t<\/div>\n\t\t<\/section>\n\t\t\t\t\t\t<\/div>\n\t\t\t<\/div>\n\t\t<\/div>\n\t\t","protected":false},"excerpt":{"rendered":"<p>Abraham Romero Gonzalez S.L. informa seguidamente de su pol\u00edtica de privacidad aplicada a los datos personales. El uso de la p\u00e1gina web no implica que el usuario deba suministrar informaci\u00f3n alguna respecto a su identidad, no pudiendo ser asociada a un usuario concreto por la empresa. En el supuesto que se suministre datos de car\u00e1cter [&hellip;]<\/p>\n","protected":false},"author":1,"featured_media":0,"parent":0,"menu_order":0,"comment_status":"closed","ping_status":"closed","template":"","meta":[],"_links":{"self":[{"href":"https:\/\/panaderiadeartenara.com\/es\/wp-json\/wp\/v2\/pages\/900"}],"collection":[{"href":"https:\/\/panaderiadeartenara.com\/es\/wp-json\/wp\/v2\/pages"}],"about":[{"href":"https:\/\/panaderiadeartenara.com\/es\/wp-json\/wp\/v2\/types\/page"}],"author":[{"embeddable":true,"href":"https:\/\/panaderiadeartenara.com\/es\/wp-json\/wp\/v2\/users\/1"}],"replies":[{"embeddable":true,"href":"https:\/\/panaderiadeartenara.com\/es\/wp-json\/wp\/v2\/comments?post=900"}],"version-history":[{"count":4,"href":"https:\/\/panaderiadeartenara.com\/es\/wp-json\/wp\/v2\/pages\/900\/revisions"}],"predecessor-version":[{"id":904,"href":"https:\/\/panaderiadeartenara.com\/es\/wp-json\/wp\/v2\/pages\/900\/revisions\/904"}],"wp:attachment":[{"href":"https:\/\/panaderiadeartenara.com\/es\/wp-json\/wp\/v2\/media?parent=900"}],"curies":[{"name":"wp","href":"https:\/\/api.w.org\/{rel}","templated":true}]}}